{"id":14420,"date":"2026-01-13T10:49:05","date_gmt":"2026-01-13T15:49:05","guid":{"rendered":"https:\/\/conker.com.co\/?page_id=14420"},"modified":"2026-01-13T10:51:56","modified_gmt":"2026-01-13T15:51:56","slug":"terminos-condiciones","status":"publish","type":"page","link":"https:\/\/conker.com.co\/en\/terminos-condiciones\/","title":{"rendered":"T\u00e9rminos &amp; Condiciones"},"content":{"rendered":"<div data-elementor-type=\"wp-page\" data-elementor-id=\"14420\" class=\"elementor elementor-14420\" data-elementor-post-type=\"page\">\n\t\t\t\t<div class=\"elementor-element elementor-element-6704069 e-flex e-con-boxed e-con e-parent\" data-id=\"6704069\" data-element_type=\"container\">\n\t\t\t\t\t<div class=\"e-con-inner\">\n\t\t\t\t<div class=\"elementor-element elementor-element-0e038aa elementor-widget elementor-widget-text-editor\" data-id=\"0e038aa\" data-element_type=\"widget\" data-widget_type=\"text-editor.default\">\n\t\t\t\t\t\t\t\t\t<h1>T\u00c9RMINOS Y CONDICIONES<br \/>ESTRATEGIA CONKER S.A.S<\/h1><ul><li><strong>Condiciones de acceso<\/strong><\/li><\/ul><p>Al portal web de Estrategia Conker S.A.S, por regla general, podr\u00e1 acceder cualquier usuario de internet. No obstante, lo anterior, en dicha plataforma podr\u00e1n encontrarse servicios y productos que son exclusivos para los Clientes de Estrategia Conker S.A.S, por lo que se podr\u00e1 requerir claves de acceso, nombres y c\u00f3digos de usuario, identificaci\u00f3n y pagos de servicios o productos. Asimismo, el usuario de internet que acceda al sitio web, en todos los casos deber\u00e1 ser una persona mayor de edad y plenamente capaz. En caso de que se trate de menores de edad, estos deber\u00e1n contar con la autorizaci\u00f3n y consentimiento de sus padres y representantes legales, d\u00e1ndose por entendido que quienes accedan al portal cuentan con dicho consentimiento.<\/p><p>El acceso al sitio web permite visualizar e interactuar con informaci\u00f3n y utilidades hipermediales (audio, video y texto), relacionados con el portafolio de servicios de Estrategia Conker S.A.S y con algunas de sus creaciones, el acceso a algunos de estos servicios podr\u00e1 requerir la aceptaci\u00f3n y cumplimiento de t\u00e9rminos y condiciones adicionales y de finalidad de tratamiento de datos personales.<\/p><ol start=\"2\"><li><strong>Condiciones de uso<\/strong><\/li><\/ol><p>El contenido publicado en el portal web que incluye o puede incluir textos, informaci\u00f3n, im\u00e1genes, fotograf\u00edas, dibujos, logos, dise\u00f1os, video, multimedia, software, aplicaciones, m\u00fasica y sonidos, entre otras obras, es propiedad exclusiva de Estrategia Conker S.A.S o de terceros que hayan otorgado una licencia de uso a Estrategia Conker S.A.S, con todos los derechos reservados como tal, por esto, este contenido se encuentra protegido por la Ley 23 de 1982 y dem\u00e1s disposiciones del ordenamiento jur\u00eddico colombiano y tratados vigentes en materia de propiedad intelectual. Por lo cual, el uso que permite Estrategia \u00a0Conker S.A.S a los usuarios del sitio web, se limita al de visualizar el contenido del sitio web y para realizar una copia cach\u00e9 en su computador con dicho fin \u00fanicamente, por lo cual Estrategia \u00a0Conker S.A.S, no confiere a los visitantes ninguna licencia para realizar reproducciones o copias de los documentos emanados de la operaci\u00f3n del servicio o para enmarcar, compilar, cargar o republicar en ning\u00fan sitio de internet, intranet o extranet, as\u00ed como para tampoco adaptar, modificar, transmitir, vender, comunicar al p\u00fablico total o parcialmente, el contenido emanado de la operaci\u00f3n del servicio, de lo contrario el usuario deber\u00e1 responder por las acciones civiles y penales de tal hecho.<\/p><p>En todo caso, el usuario manifiesta conocer que el uso que Estrategia Conker S.A.S le permite del contenido publicado en su p\u00e1gina web, no le concede ning\u00fan tipo de licencia para hacer uso de derechos patrimoniales, de igual manera el usuario se compromete de manera enunciativa, pero no limitativa a no: a) Utilizar el contenido para incurrir y\/o incitar a terceros en actividades il\u00edcitas, ilegales o contrarias a la buena fe, la moral y el orden p\u00fablico o para difundir contenidos car\u00e1cter racista, xen\u00f3fobo, pornogr\u00e1fico, de apolog\u00eda al terrorismo o atentatorio de derechos humanos; b) Usar secuencias de comandos automatizados para recopilar informaci\u00f3n publicada en el sitio web o para interactuar de cualquier otro modo con los mismos; c) Provocar da\u00f1os en los sistemas f\u00edsicos y\/o tecnol\u00f3gicos de Estrategia Conker S.A.S, de sus proveedores o de terceras personas, introducir o difundir en la red virus inform\u00e1ticos, troyanos, c\u00f3digos maliciosos o cualquier otro sistema que tengan la capacidad de provocar da\u00f1os y\/o est\u00e9n dise\u00f1ados para interrumpir, destruir o limitar la funcionalidad de cualquier software, hardware, informaci\u00f3n o equipo de telecomunicaciones o para interrumpir, destruir o para da\u00f1ar, deshabilitar, sobrecargar o perjudicar de cualquier modo la plataforma web de Estrategia Conker S.A.S; y d) Intentar acceder, recolectar y almacenar o efectivamente, tratar los datos personales de otros visitantes y\/o usuarios del sitio web.<\/p><ol start=\"3\"><li><strong>Procedimiento de notificaci\u00f3n contenido violatorio<\/strong><\/li><\/ol><p>Estrategia Conker S.A.S respeta y promueve la protecci\u00f3n de derechos de autor, morales y patrimoniales y en general, derechos de la propiedad intelectual, as\u00ed como la protecci\u00f3n de datos personales. No obstante, en caso de que un usuario determine un eventual incumplimiento de dichas normas por parte del Estrategia Conker S.A.S, este deber\u00e1 enviar una comunicaci\u00f3n al correo electr\u00f3nico administrativo@conker.com.co, en donde especifique el contenido que considera violatorio, una justificaci\u00f3n de por qu\u00e9 el contenido se considera violatorio y las pruebas que se tengan para tal efecto, de igual manera el usuario deber\u00e1 especificar sus datos de contacto, tales como nombre, identificaci\u00f3n, direcci\u00f3n de domicilio, correo electr\u00f3nico, celular y tel\u00e9fono.<\/p><ol start=\"4\"><li><strong>Limitaci\u00f3n de responsabilidad<\/strong><\/li><\/ol><p>Estrategia Conker S.A.S no ser\u00e1 responsable por: a) Las ca\u00eddas y fallas en el suministro de cualquier servicio de su sitio web, quedando exonerado por cualquier tipo de da\u00f1os y perjuicios causados debido a la no disponibilidad y\/o interrupci\u00f3n del servicio ocasionado por fallas o no disponibilidad de las redes y servicios de telecomunicaciones utilizados para soportar el portal y que sean ajenos a su voluntad; b) Da\u00f1os y perjuicios causados por virus inform\u00e1ticos, troyanos, c\u00f3digos maliciosos o cualquier otro sistema f\u00edsico o l\u00f3gico a los sistemas de los usuarios; c) Errores mecanogr\u00e1ficos y\/o tipogr\u00e1ficos que aparezcan en el contenido, en caso que uno de estos errores recaiga sobre un precio o condiciones del servicio, estas deber\u00e1n interpretarse por el usuario en su car\u00e1cter obvio y conforme al conocimiento previo que el usuario tenga de este servicio o similares, sin que pueda abusar de dichas condiciones, en caso de abuso, Estrategia Conker S.A.S podr\u00e1 desconocer el contenido ofertado conforme a lo establecido por la Ley 1480 de 2011 y lo conceptuado por la Superintendencia de Industria y Comercio; d) En caso de presentarse contenido publicitario de terceros que aparezca en el portal ser\u00e1 responsabilidad del anunciante respectivo, por lo cual en caso de presentarse la adquisici\u00f3n de un producto o servicio, as\u00ed como cualquier reclamo o incumplimiento que se derive del mismo, deber\u00e1 ser solucionado directamente entre las partes, sin intervenci\u00f3n del Estrategia Conker S.A.S ; e) Estrategia Conker S.A.S no se har\u00e1 responsable de los da\u00f1os o perjuicios que el usuario le cause a terceros por las decisiones tomadas en virtud de la informaci\u00f3n publicada en el sitio web, ya que el Estrategia Conker S.A.S solo utiliza su plataforma con fines informativos y no para dar recomendaciones o sugerencias al actuar de los usuarios.<\/p><ol start=\"5\"><li><strong>Cesi\u00f3n de derechos<\/strong><\/li><\/ol><p>El usuario que cargue, suba o env\u00ede informaci\u00f3n a la p\u00e1gina web, ceder\u00e1 sus derechos patrimoniales de autor a Estrategia Conker S.A.S y autoriza su publicaci\u00f3n en medios virtuales o impresos, en caso de as\u00ed decirse por Conker S.A.S<\/p><ol start=\"6\"><li><strong>Aviso de Privacidad<\/strong><\/li><\/ol><p>Los usuarios Igualmente declaran que conocen los derechos consagrados en la ley 1581 de 2012, especialmente aquellos a conocer, rectificar y actualizar sus datos personales que reposan en las bases de datos de Estrategia Conker S.A.S y que conoce la Pol\u00edtica de Tratamiento de\u00a0 Datos Personales, la cual puede consultar en www.conker.com.co), As\u00ed mismo brinda su consentimiento previo, expreso e informado y autoriza a Estrategia Conker S.A.S, para: a) recolectar, tratar, compartir, almacenar y archivar los datos personales que proporcionar\u00e1 en desarrollo de la relaci\u00f3n comercial para el desarrollo de su actividad econ\u00f3mica y comercial; b) que le sea enviada informaci\u00f3n en medios f\u00edsicos, de audio o electr\u00f3nicos tales como correo electr\u00f3nico, mensajes de texto o datos, a trav\u00e9s de redes sociales, entre otros, sobre los productos y las actividades comerciales de Estrategia Conker S.A.S, c) ser contactada\/o con fines administrativos, comerciales, de mercadeo ,cobranza y recaudo y en general cualquier prop\u00f3sito relacionado con la actividad econ\u00f3mica y comercial de Estrategia Conker S.A.S.\u00bb<\/p><ol start=\"6\"><li><strong>Vigencia<\/strong><\/li><\/ol><p>Los presentes t\u00e9rminos y condiciones rigen a partir de su publicaci\u00f3n del sitio web en Octubre de 2020 y se interpretar\u00e1n conforme a lo establecido a las leyes de Colombia, no obstante, lo anterior, Estrategia Conker S.A.S se reserva la posibilidad de modificarlos en cualquier momento para lo cual bastar\u00e1 la publicaci\u00f3n de la nueva versi\u00f3n en el mismo medio.<\/p><p><strong>Nota: Conker no guarda registros de fees despu\u00e9s de 6 meses o m\u00e1s de antig\u00fcedad.<\/strong><\/p><p>\u00a0<\/p><ol start=\"7\"><li><strong>Identidad<\/strong><\/li><\/ol><p>Estrategia Conker S.A.S es una entidad con \u00e1nimo de lucro, identificada con NIT 900.872.963-3 con direcci\u00f3n de notificaci\u00f3n en la Carrera 33 # 7\u00aa -22en la ciudad de Medell\u00edn, tel\u00e9fono (4) 5583540 y correo electr\u00f3nico administrativo@conker.com.co<\/p>\t\t\t\t\t\t\t\t<\/div>\n\t\t\t\t\t<\/div>\n\t\t\t\t<\/div>\n\t\t\t\t<\/div>","protected":false},"excerpt":{"rendered":"<p>T\u00c9RMINOS Y CONDICIONESESTRATEGIA CONKER S.A.S Condiciones de acceso Al portal web de Estrategia Conker S.A.S, por regla general, podr\u00e1 acceder cualquier usuario de internet. No obstante, lo anterior, en dicha plataforma podr\u00e1n encontrarse servicios y productos que son exclusivos para los Clientes de Estrategia Conker S.A.S, por lo que se podr\u00e1 requerir claves de acceso, [&hellip;]<\/p>","protected":false},"author":1,"featured_media":0,"parent":0,"menu_order":0,"comment_status":"closed","ping_status":"closed","template":"","meta":{"_joinchat":[],"footnotes":""},"class_list":["post-14420","page","type-page","status-publish","hentry"],"yoast_head":"<!-- This site is optimized with the Yoast SEO plugin v26.3 - https:\/\/yoast.com\/wordpress\/plugins\/seo\/ -->\n<title>T\u00e9rminos &amp; Condiciones - Conker Agency | Potenciamos tu marca a trav\u00e9s del Business Marketing<\/title>\n<meta name=\"robots\" content=\"index, follow, max-snippet:-1, max-image-preview:large, max-video-preview:-1\" \/>\n<link rel=\"canonical\" href=\"https:\/\/conker.com.co\/en\/terminos-condiciones\/\" \/>\n<meta property=\"og:locale\" content=\"en_US\" \/>\n<meta property=\"og:type\" content=\"article\" \/>\n<meta property=\"og:title\" content=\"T\u00e9rminos &amp; Condiciones - Conker Agency | Potenciamos tu marca a trav\u00e9s del Business Marketing\" \/>\n<meta property=\"og:description\" content=\"T\u00c9RMINOS Y CONDICIONESESTRATEGIA CONKER S.A.S Condiciones de acceso Al portal web de Estrategia Conker S.A.S, por regla general, podr\u00e1 acceder cualquier usuario de internet. No obstante, lo anterior, en dicha plataforma podr\u00e1n encontrarse servicios y productos que son exclusivos para los Clientes de Estrategia Conker S.A.S, por lo que se podr\u00e1 requerir claves de acceso, [&hellip;]\" \/>\n<meta property=\"og:url\" content=\"https:\/\/conker.com.co\/en\/terminos-condiciones\/\" \/>\n<meta property=\"og:site_name\" content=\"Conker Agency | Potenciamos tu marca a trav\u00e9s del Business Marketing\" \/>\n<meta property=\"article:modified_time\" content=\"2026-01-13T15:51:56+00:00\" \/>\n<meta name=\"twitter:card\" content=\"summary_large_image\" \/>\n<meta name=\"twitter:label1\" content=\"Est. reading time\" \/>\n\t<meta name=\"twitter:data1\" content=\"7 minutes\" \/>\n<script type=\"application\/ld+json\" class=\"yoast-schema-graph\">{\"@context\":\"https:\/\/schema.org\",\"@graph\":[{\"@type\":\"WebPage\",\"@id\":\"https:\/\/conker.com.co\/terminos-condiciones\/\",\"url\":\"https:\/\/conker.com.co\/terminos-condiciones\/\",\"name\":\"T\u00e9rminos &amp; Condiciones - Conker Agency | Potenciamos tu marca a trav\u00e9s del Business Marketing\",\"isPartOf\":{\"@id\":\"https:\/\/conker.com.co\/#website\"},\"datePublished\":\"2026-01-13T15:49:05+00:00\",\"dateModified\":\"2026-01-13T15:51:56+00:00\",\"breadcrumb\":{\"@id\":\"https:\/\/conker.com.co\/terminos-condiciones\/#breadcrumb\"},\"inLanguage\":\"en-US\",\"potentialAction\":[{\"@type\":\"ReadAction\",\"target\":[\"https:\/\/conker.com.co\/terminos-condiciones\/\"]}]},{\"@type\":\"BreadcrumbList\",\"@id\":\"https:\/\/conker.com.co\/terminos-condiciones\/#breadcrumb\",\"itemListElement\":[{\"@type\":\"ListItem\",\"position\":1,\"name\":\"Inicio\",\"item\":\"https:\/\/conker.com.co\/\"},{\"@type\":\"ListItem\",\"position\":2,\"name\":\"T\u00e9rminos &amp; Condiciones\"}]},{\"@type\":\"WebSite\",\"@id\":\"https:\/\/conker.com.co\/#website\",\"url\":\"https:\/\/conker.com.co\/\",\"name\":\"Conker Agency | Potenciamos tu marca a trav\u00e9s del Business Marketing\",\"description\":\"\",\"publisher\":{\"@id\":\"https:\/\/conker.com.co\/#organization\"},\"alternateName\":\"Conker Agency\",\"potentialAction\":[{\"@type\":\"SearchAction\",\"target\":{\"@type\":\"EntryPoint\",\"urlTemplate\":\"https:\/\/conker.com.co\/?s={search_term_string}\"},\"query-input\":{\"@type\":\"PropertyValueSpecification\",\"valueRequired\":true,\"valueName\":\"search_term_string\"}}],\"inLanguage\":\"en-US\"},{\"@type\":\"Organization\",\"@id\":\"https:\/\/conker.com.co\/#organization\",\"name\":\"conker.com.co\",\"url\":\"https:\/\/conker.com.co\/\",\"logo\":{\"@type\":\"ImageObject\",\"inLanguage\":\"en-US\",\"@id\":\"https:\/\/conker.com.co\/#\/schema\/logo\/image\/\",\"url\":\"https:\/\/conker.com.co\/wp-content\/uploads\/2025\/11\/LogoCNKR-1024x1024-1.png\",\"contentUrl\":\"https:\/\/conker.com.co\/wp-content\/uploads\/2025\/11\/LogoCNKR-1024x1024-1.png\",\"width\":1024,\"height\":1024,\"caption\":\"conker.com.co\"},\"image\":{\"@id\":\"https:\/\/conker.com.co\/#\/schema\/logo\/image\/\"}}]}<\/script>\n<!-- \/ Yoast SEO plugin. -->","yoast_head_json":{"title":"T\u00e9rminos &amp; Condiciones - Conker Agency | Potenciamos tu marca a trav\u00e9s del Business Marketing","robots":{"index":"index","follow":"follow","max-snippet":"max-snippet:-1","max-image-preview":"max-image-preview:large","max-video-preview":"max-video-preview:-1"},"canonical":"https:\/\/conker.com.co\/en\/terminos-condiciones\/","og_locale":"en_US","og_type":"article","og_title":"T\u00e9rminos &amp; Condiciones - Conker Agency | Potenciamos tu marca a trav\u00e9s del Business Marketing","og_description":"T\u00c9RMINOS Y CONDICIONESESTRATEGIA CONKER S.A.S Condiciones de acceso Al portal web de Estrategia Conker S.A.S, por regla general, podr\u00e1 acceder cualquier usuario de internet. No obstante, lo anterior, en dicha plataforma podr\u00e1n encontrarse servicios y productos que son exclusivos para los Clientes de Estrategia Conker S.A.S, por lo que se podr\u00e1 requerir claves de acceso, [&hellip;]","og_url":"https:\/\/conker.com.co\/en\/terminos-condiciones\/","og_site_name":"Conker Agency | Potenciamos tu marca a trav\u00e9s del Business Marketing","article_modified_time":"2026-01-13T15:51:56+00:00","twitter_card":"summary_large_image","twitter_misc":{"Est. reading time":"7 minutes"},"schema":{"@context":"https:\/\/schema.org","@graph":[{"@type":"WebPage","@id":"https:\/\/conker.com.co\/terminos-condiciones\/","url":"https:\/\/conker.com.co\/terminos-condiciones\/","name":"T\u00e9rminos &amp; Condiciones - Conker Agency | Potenciamos tu marca a trav\u00e9s del Business Marketing","isPartOf":{"@id":"https:\/\/conker.com.co\/#website"},"datePublished":"2026-01-13T15:49:05+00:00","dateModified":"2026-01-13T15:51:56+00:00","breadcrumb":{"@id":"https:\/\/conker.com.co\/terminos-condiciones\/#breadcrumb"},"inLanguage":"en-US","potentialAction":[{"@type":"ReadAction","target":["https:\/\/conker.com.co\/terminos-condiciones\/"]}]},{"@type":"BreadcrumbList","@id":"https:\/\/conker.com.co\/terminos-condiciones\/#breadcrumb","itemListElement":[{"@type":"ListItem","position":1,"name":"Inicio","item":"https:\/\/conker.com.co\/"},{"@type":"ListItem","position":2,"name":"T\u00e9rminos &amp; Condiciones"}]},{"@type":"WebSite","@id":"https:\/\/conker.com.co\/#website","url":"https:\/\/conker.com.co\/","name":"Conker Agency | Potenciamos tu marca a trav\u00e9s del Business Marketing","description":"","publisher":{"@id":"https:\/\/conker.com.co\/#organization"},"alternateName":"Conker Agency","potentialAction":[{"@type":"SearchAction","target":{"@type":"EntryPoint","urlTemplate":"https:\/\/conker.com.co\/?s={search_term_string}"},"query-input":{"@type":"PropertyValueSpecification","valueRequired":true,"valueName":"search_term_string"}}],"inLanguage":"en-US"},{"@type":"Organization","@id":"https:\/\/conker.com.co\/#organization","name":"conker.com.co","url":"https:\/\/conker.com.co\/","logo":{"@type":"ImageObject","inLanguage":"en-US","@id":"https:\/\/conker.com.co\/#\/schema\/logo\/image\/","url":"https:\/\/conker.com.co\/wp-content\/uploads\/2025\/11\/LogoCNKR-1024x1024-1.png","contentUrl":"https:\/\/conker.com.co\/wp-content\/uploads\/2025\/11\/LogoCNKR-1024x1024-1.png","width":1024,"height":1024,"caption":"conker.com.co"},"image":{"@id":"https:\/\/conker.com.co\/#\/schema\/logo\/image\/"}}]}},"_hostinger_reach_plugin_has_subscription_block":false,"_hostinger_reach_plugin_is_elementor":false,"_links":{"self":[{"href":"https:\/\/conker.com.co\/en\/wp-json\/wp\/v2\/pages\/14420","targetHints":{"allow":["GET"]}}],"collection":[{"href":"https:\/\/conker.com.co\/en\/wp-json\/wp\/v2\/pages"}],"about":[{"href":"https:\/\/conker.com.co\/en\/wp-json\/wp\/v2\/types\/page"}],"author":[{"embeddable":true,"href":"https:\/\/conker.com.co\/en\/wp-json\/wp\/v2\/users\/1"}],"replies":[{"embeddable":true,"href":"https:\/\/conker.com.co\/en\/wp-json\/wp\/v2\/comments?post=14420"}],"version-history":[{"count":4,"href":"https:\/\/conker.com.co\/en\/wp-json\/wp\/v2\/pages\/14420\/revisions"}],"predecessor-version":[{"id":14425,"href":"https:\/\/conker.com.co\/en\/wp-json\/wp\/v2\/pages\/14420\/revisions\/14425"}],"wp:attachment":[{"href":"https:\/\/conker.com.co\/en\/wp-json\/wp\/v2\/media?parent=14420"}],"curies":[{"name":"wp","href":"https:\/\/api.w.org\/{rel}","templated":true}]}}